{"id":17,"date":"2025-07-06T10:37:29","date_gmt":"2025-07-06T10:37:29","guid":{"rendered":"http:\/\/marie-et-paul-2026.fr\/?page_id=17"},"modified":"2026-01-25T14:02:41","modified_gmt":"2026-01-25T14:02:41","slug":"infos-pratiques","status":"publish","type":"page","link":"https:\/\/marie-et-paul-2026.fr\/?page_id=17","title":{"rendered":"Infos pratiques"},"content":{"rendered":"\n<p><\/p>\n\n\n\n<h2 class=\"wp-block-heading\"><strong>Le domaine <\/strong><\/h2>\n\n\n\n<p>Domaine Alexander <br><a href=\"https:\/\/domainealexander.fr\/\" target=\"_blank\" rel=\"noreferrer noopener\">Site web<\/a><br>Impasse du champ cropet, Route de Villars, 01990 Saint-Trivier-sur-Moignans, France<\/p>\n\n\n\n<figure class=\"wp-block-image size-large is-resized\"><img loading=\"lazy\" decoding=\"async\" width=\"1024\" height=\"452\" src=\"http:\/\/marie-et-paul-2026.fr\/wp-content\/uploads\/2025\/07\/alexander-1024x452.png\" alt=\"\" class=\"wp-image-51\" style=\"width:1200px;height:auto\" srcset=\"https:\/\/marie-et-paul-2026.fr\/wp-content\/uploads\/2025\/07\/alexander-1024x452.png 1024w, https:\/\/marie-et-paul-2026.fr\/wp-content\/uploads\/2025\/07\/alexander-300x132.png 300w, https:\/\/marie-et-paul-2026.fr\/wp-content\/uploads\/2025\/07\/alexander-768x339.png 768w, https:\/\/marie-et-paul-2026.fr\/wp-content\/uploads\/2025\/07\/alexander-1536x678.png 1536w, https:\/\/marie-et-paul-2026.fr\/wp-content\/uploads\/2025\/07\/alexander.png 1594w\" sizes=\"auto, (max-width: 1024px) 100vw, 1024px\" \/><\/figure>\n\n\n\n<hr class=\"wp-block-separator has-alpha-channel-opacity\"\/>\n\n\n\n<h2 class=\"wp-block-heading\"><strong>Pour venir<\/strong> <\/h2>\n\n\n\n<p>\ud83d\ude86 <strong>En train<\/strong><br><br>Les gares TER les plus proches sont Villefranche-sur-Sa\u00f4ne (\u00e0 25 min de voiture) et Villars-les-Dombes (\u00e0 10 min en voiture).<\/p>\n\n\n\n<p>\ud83d\ude97 <strong>En voiture<\/strong><\/p>\n\n\n\n<p><span class=\"has-superb-addons-text-align-justify\">Depuis Paris : environ 4h30 de route pour Saint-Triviers-sur-Moignans. Prendre l&rsquo;A6 jusqu&rsquo;\u00e0 la sortie 30 : Ch\u00e2tillon S\/ C. Belleville, puis continuer sur la D88 puis la D27 jusqu&rsquo;\u00e0 <span class=\"has-superb-addons-text-align-justify\">Saint-Triviers-sur-Moignans<\/span>. Finalement, prendre la D27B sur 1 km.<\/span><\/p>\n\n\n\n<p><span class=\"has-superb-addons-text-align-justify\">Depuis Lyon : environ 45 min de route pour <span class=\"has-superb-addons-text-align-justify\">Saint-Triviers-sur-Moignans<\/span>. Prendre l&rsquo;A42 puis l&rsquo;A46 jusqu&rsquo;\u00e0 la sortie 2.1 : Bourg en B.\/Villars les D.\/Montanay, et continuer sur la D38, la D1, puis la D66 jusqu&rsquo;\u00e0 <span class=\"has-superb-addons-text-align-justify\">Saint-Triviers-sur-Moignans<\/span>. Finalement, prendre la D27B sur 1 km.<\/span> <\/p>\n\n\n\n<p>Le domaine Alexander dispose d&rsquo;un grand parking o\u00f9 vous pourrez vous garer.<\/p>\n\n\n\n<p>\ud83e\udd1d <strong>Pour celles et ceux qui souhaitent covoiturer<\/strong><\/p>\n\n\n\n<p><span class=\"has-superb-addons-text-align-justify\">Si vous souhaitez partager un trajet (et papoter en route !), voici un <a href=\"https:\/\/docs.google.com\/spreadsheets\/d\/1BIFKhqH-CKG8q_JvaEBzkUIjneW6nVToEtQWfSxPpV4\/edit?usp=sharing\" data-type=\"link\" data-id=\"https:\/\/docs.google.com\/spreadsheets\/d\/1BIFKhqH-CKG8q_JvaEBzkUIjneW6nVToEtQWfSxPpV4\/edit?usp=sharing\" target=\"_blank\" rel=\"noreferrer noopener\">google sheet<\/a> pour vous organiser. Un grand merci pour ce geste \u00e9colo et convivial !<\/span><\/p>\n\n\n\n<hr class=\"wp-block-separator has-alpha-channel-opacity\"\/>\n\n\n\n<h2 class=\"wp-block-heading\">H\u00e9bergements \u00e0 proximit\u00e9<\/h2>\n\n\n\n<p>\ud83d\udecf\ufe0f <strong>H\u00f4tels\/campings<\/strong><\/p>\n\n\n\n<ul class=\"wp-block-list\">\n<li><a href=\"https:\/\/www.paradis-des-dombes.com\/\" data-type=\"link\" data-id=\"https:\/\/www.paradis-des-dombes.com\/\" target=\"_blank\" rel=\"noreferrer noopener\">Paradis des Dombes<\/a>, 7min de voiture, camping.<\/li>\n\n\n\n<li><a href=\"https:\/\/lesbichonnieres.com\/\" data-type=\"link\" data-id=\"https:\/\/lesbichonnieres.com\/\" target=\"_blank\" rel=\"noreferrer noopener\">Hostellerie des Bichonni\u00e8res<\/a>, 10 min de voiture, h\u00f4tel.<\/li>\n\n\n\n<li><a href=\"https:\/\/www.chambres-hotes-cerisaie.com\/\" data-type=\"link\" data-id=\"https:\/\/www.chambres-hotes-cerisaie.com\/\" target=\"_blank\" rel=\"noreferrer noopener\">B&amp;B La Cerisaie<\/a>, 9 min de voiture, 6 personnes, chambres d&rsquo;h\u00f4tes.<\/li>\n\n\n\n<li><a href=\"https:\/\/www.lemoulindeletangchaneins.com\/accueil\" data-type=\"link\" data-id=\"https:\/\/www.lemoulindeletangchaneins.com\/accueil\" target=\"_blank\" rel=\"noreferrer noopener\">Le Moulin de l&rsquo;\u00e9tang<\/a>, 12 min de voiture, 12 personnes, chambres d&rsquo;h\u00f4tes.<\/li>\n<\/ul>\n\n\n\n<p><strong>\ud83c\udfe0<\/strong> <strong>AirBnB<\/strong><\/p>\n\n\n\n<ul class=\"wp-block-list\">\n<li><a href=\"https:\/\/www.airbnb.fr\/rooms\/883158649031550230?check_in=2026-08-21&amp;check_out=2026-08-23&amp;search_mode=regular_search&amp;source_impression_id=p3_1768053130_P3ukpq36Bky7I4Eb&amp;previous_page_section_name=1000&amp;federated_search_id=01151a54-2871-4098-8046-77f3ca4ddd9c\" data-type=\"link\" data-id=\"https:\/\/www.airbnb.fr\/rooms\/883158649031550230?check_in=2026-08-21&amp;check_out=2026-08-23&amp;search_mode=regular_search&amp;source_impression_id=p3_1768053130_P3ukpq36Bky7I4Eb&amp;previous_page_section_name=1000&amp;federated_search_id=01151a54-2871-4098-8046-77f3ca4ddd9c\" target=\"_blank\" rel=\"noreferrer noopener\">La maison des champs<\/a>, 5min de voiture, 16 personnes.<\/li>\n\n\n\n<li><a href=\"https:\/\/www.airbnb.fr\/rooms\/1183937880260838768?check_in=2026-08-21&amp;check_out=2026-08-23&amp;location=Saint-Trivier-sur-Moignans&amp;search_mode=regular_search&amp;source_impression_id=p3_1768053132_P3x7cIB0H1-CD9ec&amp;previous_page_section_name=1001&amp;federated_search_id=01151a54-2871-4098-8046-77f3ca4ddd9c\" data-type=\"link\" data-id=\"https:\/\/www.airbnb.fr\/rooms\/1183937880260838768?check_in=2026-08-21&amp;check_out=2026-08-23&amp;location=Saint-Trivier-sur-Moignans&amp;search_mode=regular_search&amp;source_impression_id=p3_1768053132_P3x7cIB0H1-CD9ec&amp;previous_page_section_name=1001&amp;federated_search_id=01151a54-2871-4098-8046-77f3ca4ddd9c\" target=\"_blank\" rel=\"noreferrer noopener\">G\u00eete de Grange-Blanche<\/a>, 12 min de voiture, 7 personnes.<\/li>\n\n\n\n<li><a href=\"https:\/\/www.airbnb.fr\/rooms\/1423697920418269275?check_in=2026-08-21&amp;check_out=2026-08-23&amp;location=Saint-Trivier-sur-Moignans&amp;search_mode=regular_search&amp;source_impression_id=p3_1768053207_P3umCoqHnNLlE7LJ&amp;previous_page_section_name=1001&amp;federated_search_id=01151a54-2871-4098-8046-77f3ca4ddd9c\" data-type=\"link\" data-id=\"https:\/\/www.airbnb.fr\/rooms\/1423697920418269275?check_in=2026-08-21&amp;check_out=2026-08-23&amp;location=Saint-Trivier-sur-Moignans&amp;search_mode=regular_search&amp;source_impression_id=p3_1768053207_P3umCoqHnNLlE7LJ&amp;previous_page_section_name=1001&amp;federated_search_id=01151a54-2871-4098-8046-77f3ca4ddd9c\" target=\"_blank\" rel=\"noreferrer noopener\">La P&rsquo;tite Dombes &#8211; Entre Terres et Sommets<\/a>, 5 min de voiture, 6 personnes.<\/li>\n\n\n\n<li><a href=\"https:\/\/www.airbnb.fr\/rooms\/54138717?check_in=2026-08-21&amp;check_out=2026-08-23&amp;location=Saint-Trivier-sur-Moignans&amp;search_mode=regular_search&amp;source_impression_id=p3_1768053326_P3yGjy8NRt2Wwqlg&amp;previous_page_section_name=1001&amp;federated_search_id=01151a54-2871-4098-8046-77f3ca4ddd9c\" data-type=\"link\" data-id=\"https:\/\/www.airbnb.fr\/rooms\/54138717?check_in=2026-08-21&amp;check_out=2026-08-23&amp;location=Saint-Trivier-sur-Moignans&amp;search_mode=regular_search&amp;source_impression_id=p3_1768053326_P3yGjy8NRt2Wwqlg&amp;previous_page_section_name=1001&amp;federated_search_id=01151a54-2871-4098-8046-77f3ca4ddd9c\" target=\"_blank\" rel=\"noreferrer noopener\">Appartement au calme dans la Dombes<\/a>, 5 min de voiture, 4 personnes.<\/li>\n\n\n\n<li><a href=\"https:\/\/www.airbnb.fr\/rooms\/1120206231517074022?check_in=2026-08-21&amp;check_out=2026-08-23&amp;location=Saint-Trivier-sur-Moignans&amp;search_mode=regular_search&amp;source_impression_id=p3_1768054007_P38Aim_I7llzkgFI&amp;previous_page_section_name=1001&amp;federated_search_id=7c749ab4-1f3d-40ad-b33a-38043a10fbde\" data-type=\"link\" data-id=\"https:\/\/www.airbnb.fr\/rooms\/1120206231517074022?check_in=2026-08-21&amp;check_out=2026-08-23&amp;location=Saint-Trivier-sur-Moignans&amp;search_mode=regular_search&amp;source_impression_id=p3_1768054007_P38Aim_I7llzkgFI&amp;previous_page_section_name=1001&amp;federated_search_id=7c749ab4-1f3d-40ad-b33a-38043a10fbde\" target=\"_blank\" rel=\"noreferrer noopener\">D\u00e9pendance r\u00e9nov\u00e9e de 50m\u00b2<\/a>, 5 min de voiture, 2 personnes.<\/li>\n\n\n\n<li><a href=\"https:\/\/www.airbnb.fr\/rooms\/1145642498648229750?check_in=2026-08-21&amp;check_out=2026-08-23&amp;location=Saint-Trivier-sur-Moignans&amp;search_mode=regular_search&amp;source_impression_id=p3_1768054105_P3j-K2L7CmZNs5xQ&amp;previous_page_section_name=1001&amp;federated_search_id=c46a52e0-c84f-4942-ba8a-a7648b364724\" data-type=\"link\" data-id=\"https:\/\/www.airbnb.fr\/rooms\/1145642498648229750?check_in=2026-08-21&amp;check_out=2026-08-23&amp;location=Saint-Trivier-sur-Moignans&amp;search_mode=regular_search&amp;source_impression_id=p3_1768054105_P3j-K2L7CmZNs5xQ&amp;previous_page_section_name=1001&amp;federated_search_id=c46a52e0-c84f-4942-ba8a-a7648b364724\" target=\"_blank\" rel=\"noreferrer noopener\">Logement au c\u0153ur de la Dombes<\/a>, 8 min de voiture, 3 personnes.<\/li>\n\n\n\n<li><a href=\"https:\/\/www.airbnb.fr\/rooms\/36433998?check_in=2026-08-21&amp;check_out=2026-08-23&amp;location=Saint-Trivier-sur-Moignans&amp;search_mode=regular_search&amp;source_impression_id=p3_1768054394_P3lxhL2zYNjLj7XF&amp;previous_page_section_name=1001&amp;federated_search_id=bbd74740-b12b-4975-9792-de7c3231059c\" data-type=\"link\" data-id=\"https:\/\/www.airbnb.fr\/rooms\/36433998?check_in=2026-08-21&amp;check_out=2026-08-23&amp;location=Saint-Trivier-sur-Moignans&amp;search_mode=regular_search&amp;source_impression_id=p3_1768054394_P3lxhL2zYNjLj7XF&amp;previous_page_section_name=1001&amp;federated_search_id=bbd74740-b12b-4975-9792-de7c3231059c\" target=\"_blank\" rel=\"noreferrer noopener\">Espace Nature Studio proche du Parc des oiseaux<\/a>, 7 min de voiture, 2 personnes.<\/li>\n<\/ul>\n\n\n\n<p>NB : Il y a toujours la possibilit\u00e9 de planter une tente sur le domaine !<\/p>\n\n\n\n<hr class=\"wp-block-separator has-alpha-channel-opacity\"\/>\n\n\n\n<h2 class=\"wp-block-heading\">Pour les enfants<\/h2>\n\n\n\n<p>\ud83c\udf7c On adore vos petits bouts de chou\u2026 vraiment. Mais pour cette journ\u00e9e, on a r\u00eav\u00e9 d\u2019une version 100 % adultes&nbsp;: bulles \u00e0 volont\u00e9, dancefloor endiabl\u00e9 et aucune comptine en vue. On esp\u00e8re que vous comprendrez et que vous viendrez faire la f\u00eate avec nous jusqu\u2019au bout de la nuit !<\/p>\n\n\n\n<hr class=\"wp-block-separator has-alpha-channel-opacity\"\/>\n\n\n\n<h2 class=\"wp-block-heading\">Pour les animaux<\/h2>\n\n\n\n<p>\ud83d\udc36 Malheureusement, nos amis poilus sont interdits sur le domaine&#8230;<\/p>\n\n\n\n<hr class=\"wp-block-separator has-alpha-channel-opacity\"\/>\n\n\n\n<h2 class=\"wp-block-heading\">Pour les orateurs en herbe<\/h2>\n\n\n\n<p>\ud83c\udfa4 Si vous avez l&rsquo;\u00e2me d&rsquo;un orateur, d&rsquo;un chanteur ou d&rsquo;un humoriste, n\u2019h\u00e9sitez pas \u00e0 nous contacter : nous vous mettrons en relation avec nos ma\u00eetres de c\u00e9r\u00e9monie ! <\/p>\n","protected":false},"excerpt":{"rendered":"<p>Le domaine Domaine Alexander Site webImpasse du champ cropet, Route de Villars, 01990 Saint-Trivier-sur-Moignans, France Pour venir \ud83d\ude86 En train Les gares TER les plus proches sont Villefranche-sur-Sa\u00f4ne (\u00e0 25 min de voiture) et Villars-les-Dombes (\u00e0 10 min en voiture). \ud83d\ude97 En voiture Depuis Paris : environ 4h30 de route pour Saint-Triviers-sur-Moignans. Prendre l&rsquo;A6 jusqu&rsquo;\u00e0 [&hellip;]<\/p>\n","protected":false},"author":1,"featured_media":0,"parent":0,"menu_order":0,"comment_status":"closed","ping_status":"closed","template":"","meta":{"footnotes":""},"class_list":["post-17","page","type-page","status-publish","hentry"],"_links":{"self":[{"href":"https:\/\/marie-et-paul-2026.fr\/index.php?rest_route=\/wp\/v2\/pages\/17","targetHints":{"allow":["GET"]}}],"collection":[{"href":"https:\/\/marie-et-paul-2026.fr\/index.php?rest_route=\/wp\/v2\/pages"}],"about":[{"href":"https:\/\/marie-et-paul-2026.fr\/index.php?rest_route=\/wp\/v2\/types\/page"}],"author":[{"embeddable":true,"href":"https:\/\/marie-et-paul-2026.fr\/index.php?rest_route=\/wp\/v2\/users\/1"}],"replies":[{"embeddable":true,"href":"https:\/\/marie-et-paul-2026.fr\/index.php?rest_route=%2Fwp%2Fv2%2Fcomments&post=17"}],"version-history":[{"count":44,"href":"https:\/\/marie-et-paul-2026.fr\/index.php?rest_route=\/wp\/v2\/pages\/17\/revisions"}],"predecessor-version":[{"id":114,"href":"https:\/\/marie-et-paul-2026.fr\/index.php?rest_route=\/wp\/v2\/pages\/17\/revisions\/114"}],"wp:attachment":[{"href":"https:\/\/marie-et-paul-2026.fr\/index.php?rest_route=%2Fwp%2Fv2%2Fmedia&parent=17"}],"curies":[{"name":"wp","href":"https:\/\/api.w.org\/{rel}","templated":true}]}}